{"id":420,"date":"2025-04-06T10:03:03","date_gmt":"2025-04-06T10:03:03","guid":{"rendered":"https:\/\/albarodriguezpsicologia.com\/servicios\/"},"modified":"2025-05-23T10:43:33","modified_gmt":"2025-05-23T10:43:33","slug":"servicios","status":"publish","type":"page","link":"https:\/\/albarodriguezpsicologia.com\/fr\/servicios\/","title":{"rendered":"Servicios"},"content":{"rendered":"<section class=\"header_curvy1_30_1 background-1-light\" id=\"\" data-block-id=\"69eb9041671a169eb9041671a2\" data-block-name=\"acf\/header-curvy1-30-1\" data-post-id=\"420\" data-stable-id=\"block_53c427fa5a821791ff921ff5aba582da\">\r\n    <div class=\"container\">\r\n        <div class=\"row\">\r\n            <div class=\"col\">\r\n                                <div class=\"subtitulo tamano6-boldcta color-1-headings-dark\">Apoyo en neurodesarrollo y familia<\/div>\r\n                                <h1 class=\"tamano1 color-1-headings-dark\">PsicoAlba<\/h1>\r\n            <\/div>\r\n        <\/div>\r\n    <\/div>\r\n<\/section>\r\n<style>\r\n    .header_curvy1_30_1 .col .subtitulo {\r\n        text-align: center;\r\n        padding-bottom: 25px;\r\n    }\r\n\r\n    .header_curvy1_30_1 .col h1 {\r\n        text-align: center;\r\n    }\r\n\r\n    .header_curvy1_30_1 .col {\r\n        max-width: 1230px;\r\n        margin: 0 auto;\r\n    }\r\n\r\n    .header_curvy1_30_1 {\r\n        padding: 200px 0 55px 0;\r\n    }\r\n\r\n    @media (max-width:1200px) {\r\n        .header_curvy1_30_1 {\r\n            padding: 120px 0 35px 0;\r\n        }\r\n    }\r\n\r\n    @media (max-width:768px) {\r\n        .header_curvy1_30_1 h1 {\r\n            line-height: var(--tamano3-line-height);\r\n        }\r\n\r\n        .header_curvy1_30_1 {\r\n            padding: 100px 0 40px;\r\n        }\r\n    }\r\n<\/style>\r\n<section class=\"services_curvy1_22_1 background-1-light\" id=\"\" data-block-id=\"69eb904168c3c69eb904168c3d\" data-block-name=\"acf\/services-curvy1-22-1\" data-post-id=\"420\" data-stable-id=\"block_bb9d460a5f7db51a5663c14edf12f8dd\">\r\n    <div class=\"container\">\r\n        <div class=\"row\">\r\n            <div class=\"col col-top\">\r\n                                            <\/div>\r\n        <\/div>\r\n    <\/div>\r\n    <div class=\"container\">\r\n        <div class=\"row\">\r\n            <div class=\"col col-servicios\">\r\n                <div class=\"servicios\">\r\n                                                                    <a href=\"#\" class=\"servicio-item\">\r\n                            <div class=\"imagen\"\r\n                                aria-label=\"\"\r\n                                style=\"background-image: url('https:\/\/albarodriguezpsicologia.com\/wp-content\/uploads\/2025\/04\/Leonardo_Vision_XL_Una_imagen_colorida_y_acogedora_que_ilustre_0.jpg');\"><\/div>\r\n                            <div class=\"mask\"><\/div>\r\n                            <div class=\"meta\">\r\n                                <h3 class=\"tamano3 color-1-headings-dark\">Apoyo al Neurodes.<\/h3>\r\n                                                                <div class=\"texto tamano7 color-1-body-dark\">\r\n                                    <p>\u00bfNecesitas un empujoncito en el camino del neurodesarrollo? \u00a1Aqu\u00ed estamos para ayudarte! Conoce nuestros servicios centrados en ni\u00f1os y adolescentes con TEA, TDAH, dislexia y m\u00e1s. Ofrecemos acompa\u00f1amiento cercano a familias y formaciones pr\u00e1cticas para entender y mejorar el d\u00eda a d\u00eda de los peque\u00f1os campeones. \u00a1Vamos a lograrlo juntos!<\/p>\n                                <\/div>\r\n                                                            <\/div>\r\n                        <\/a>\r\n                                                <a href=\"#\" class=\"servicio-item\">\r\n                            <div class=\"imagen\"\r\n                                aria-label=\"\"\r\n                                style=\"background-image: url('https:\/\/albarodriguezpsicologia.com\/wp-content\/uploads\/2025\/04\/Leonardo_Vision_XL_Ilustracin_de_una_escena_clida_y_amigable_m_0.jpg');\"><\/div>\r\n                            <div class=\"mask\"><\/div>\r\n                            <div class=\"meta\">\r\n                                <h3 class=\"tamano3 color-1-headings-dark\">Atenci\u00f3n Neurodesarrollo<\/h3>\r\n                                                                <div class=\"texto tamano7 color-1-body-dark\">\r\n                                    <p>En Alba Rodr\u00edguez Psicolog\u00eda cuidamos del futuro de tus hijos brindando apoyo personalizado en neurodesarrollo y aprendizaje. Ofrecemos un espacio donde familias, ni\u00f1os y adolescentes reciben acompa\u00f1amiento emocional y educativo, promoviendo una comunicaci\u00f3n efectiva y habilidades sociales s\u00f3lidas.<\/p>\n                                <\/div>\r\n                                                            <\/div>\r\n                        <\/a>\r\n                                                <a href=\"#\" class=\"servicio-item\">\r\n                            <div class=\"imagen\"\r\n                                aria-label=\"\"\r\n                                style=\"background-image: url('https:\/\/albarodriguezpsicologia.com\/wp-content\/uploads\/2025\/04\/Leonardo_Vision_XL_Crear_una_imagen_vibrante_e_informal_que_re_0.jpg');\"><\/div>\r\n                            <div class=\"mask\"><\/div>\r\n                            <div class=\"meta\">\r\n                                <h3 class=\"tamano3 color-1-headings-dark\">Crecimiento Juntos<\/h3>\r\n                                                                <div class=\"texto tamano7 color-1-body-dark\">\r\n                                    <p>Descubre nuestro espacio para apoyar a los ni\u00f1os en su desarrollo y aprendizaje. Ofrecemos acompa\u00f1amiento educativo y emocional para ni\u00f1os y adolescentes con TEA, TDAH y m\u00e1s. Tambi\u00e9n ayudamos a padres y profesores a entender y atender sus necesidades. \u00a1Form\u00e9monos juntos para un futuro mejor!<\/p>\n                                <\/div>\r\n                                                            <\/div>\r\n                        <\/a>\r\n                                                <a href=\"#\" class=\"servicio-item\">\r\n                            <div class=\"imagen\"\r\n                                aria-label=\"\"\r\n                                style=\"background-image: url('https:\/\/albarodriguezpsicologia.com\/wp-content\/uploads\/2025\/04\/Leonardo_Vision_XL_Crear_una_imagen_para_una_seccin_web_dirigi_0.jpg');\"><\/div>\r\n                            <div class=\"mask\"><\/div>\r\n                            <div class=\"meta\">\r\n                                <h3 class=\"tamano3 color-1-headings-dark\">Crece con nosotros<\/h3>\r\n                                                                <div class=\"texto tamano7 color-1-body-dark\">\r\n                                    <p>Apoyamos a ni\u00f1os con TEA, TDAH o dislexia y a sus familias a trav\u00e9s de un enfoque personalizado. Alba Rodr\u00edguez Psicolog\u00eda ofrece acompa\u00f1amiento educativo y emocional para mejorar su bienestar y desarrollo. Si buscas apoyo para entender y ayudar a tu hijo, \u00a1estamos aqu\u00ed! Tambi\u00e9n ofrecemos formaciones pr\u00e1cticas para profes y padres.<\/p>\n                                <\/div>\r\n                                                            <\/div>\r\n                        <\/a>\r\n                                                            <\/div>\r\n            <\/div>\r\n        <\/div>\r\n    <\/div>\r\n\r\n<\/section>\r\n<style>\r\n    .services_curvy1_22_1 .servicio-item .texto {\r\n        transition: all ease .3s;\r\n        text-align: center;\r\n    }\r\n\r\n    .services_curvy1_22_1 .servicio-item h3 {\r\n        padding-bottom: 25px;\r\n        transition: all ease .3s;\r\n        text-align: center;\r\n    }\r\n\r\n    .services_curvy1_22_1 .servicio-item:hover .texto,\r\n    .services_curvy1_22_1 .servicio-item.hover .texto {\r\n        color: var(--color-2-headings-light);\r\n    }\r\n\r\n    .services_curvy1_22_1 .servicio-item:hover h3,\r\n    .services_curvy1_22_1 .servicio-item.hover h3 {\r\n        color: var(--background-1-light);\r\n    }\r\n\r\n    .services_curvy1_22_1 .servicio-item:hover .mask,\r\n    .services_curvy1_22_1 .servicio-item:hover .imagen,\r\n    .services_curvy1_22_1 .servicio-item.hover .mask,\r\n    .services_curvy1_22_1 .servicio-item.hover .imagen {\r\n        opacity: 1;\r\n        visibility: visible;\r\n    }\r\n\r\n    .services_curvy1_22_1 .servicio-item .mask {\r\n        background: rgba(43, 43, 43, 0.50);\r\n        position: absolute;\r\n        top: 0;\r\n        left: 0;\r\n        width: 100%;\r\n        height: 100%;\r\n        opacity: 0;\r\n        visibility: hidden;\r\n        border-radius: 30px;\r\n        transition: all ease .3s;\r\n    }\r\n\r\n     .services_curvy1_22_1 .servicio-item .imagen {\r\n        position: absolute;\r\n        top: 0;\r\n        left: 0;\r\n        width: 100%;\r\n        height: 100%;\r\n        opacity: 0;\r\n        background-position: center;\r\n        background-repeat: no-repeat;\r\n        background-size: cover;\r\n        visibility: hidden;\r\n        transition: all ease .3s;\r\n        border-radius: 30px;\r\n    }\r\n\r\n     .services_curvy1_22_1 .servicio-item .meta {\r\n        position: relative;\r\n    }\r\n\r\n    .services_curvy1_22_1 .servicio-item:not(:last-child)::after {\r\n        bottom: -8px;\r\n        width: calc(100% - 30px);\r\n        height: 1px;\r\n        left: 50%;\r\n        transform: translateX(-50%);\r\n        position: absolute;\r\n        background-color: var(--color-3-body-dark);\r\n        opacity: 0.5;\r\n        content: \"\";\r\n    }\r\n\r\n    .services_curvy1_22_1 .servicio-item:hover:not(:last-child)::after {\r\n        display: none;\r\n    }\r\n\r\n    .services_curvy1_22_1 .servicio-item {\r\n        position: relative;\r\n        position: relative;\r\n        display: block;\r\n        text-decoration: none;\r\n        border-radius: 30px;\r\n        transition: all ease .3s;\r\n        padding: 80px 90px 80px 90px;\r\n        margin-bottom: 15px;\r\n    }\r\n\r\n    .services_curvy1_22_1 .col-top {\r\n        max-width: 1079px;\r\n        margin: 0 auto;\r\n        padding-bottom: 70px;\r\n    }\r\n\r\n    .services_curvy1_22_1 h2 {\r\n        text-align: center;\r\n        padding-bottom: 25px;\r\n    }\r\n\r\n\r\n     .services_curvy1_22_1 {\r\n        padding: 80px 150px;\r\n    }\r\n\r\n    @media (max-width:1550px) {\r\n        .services_curvy1_22_1 {\r\n            padding: 80px 50px;\r\n        }\r\n    }\r\n\r\n    @media (max-width:1350px) {\r\n        .services_curvy1_22_1 {\r\n            padding: 80px 0;\r\n        }\r\n    }\r\n\r\n    @media (max-width:992px) {\r\n        .services_curvy1_22_1 .servicio-item {\r\n            padding-top: 100px;\r\n        }\r\n\r\n        .services_curvy1_22_1 {\r\n            padding: 40px 0;\r\n        }\r\n\r\n        .services_curvy1_22_1 .servicio-item h3 {\r\n            padding-bottom: 15px;\r\n        }\r\n\r\n        .services_curvy1_22_1 .col-top {\r\n            padding-bottom: 40px;\r\n        }\r\n\r\n    }\r\n\r\n    @media (max-width:768px) {\r\n        .services_curvy1_22_1 .servicio-item {\r\n            padding: 42px 30px;\r\n        }\r\n\r\n        .services_curvy1_22_1 .servicio-item h3 {\r\n            line-height: var(--tamano4-line-height);\r\n            font-size: var(--tamano5-font-size);\r\n        }\r\n    }\r\n<\/style>\r\n<section class=\"cta_curvy1_3_1_2 background-1-light\" id=\"\" data-block-id=\"69eb90416bccc69eb90416bccd\" data-block-name=\"acf\/cta-curvy1-3-1-2\" data-post-id=\"420\" data-stable-id=\"block_6301720ca7bbb62fa8d53e9ea6ed4721\">\r\n    <div class=\"container\">\r\n        <div class=\"row\">\r\n            <div class=\"col\">\r\n                <div class=\"inner background-1-dark\">\r\n                                        <div class=\"titulo\">\r\n                        <h2 class=\"tamano3 color-2-headings-light\">Creciendo juntos<\/h2>\r\n                    <\/div>\r\n                                                            <div class=\"texto color-2-body-light tamano7\"><p>Descubre c\u00f3mo apoyar a ni\u00f1os y adolescentes con TEA, TDAH y m\u00e1s, fortaleciendo habilidades y autoestima juntos.<\/p>\n<\/div>\r\n                                                                <div class=\"ctas\">\r\n                                                            <a href=\"#\" target=\"\" class=\"btn-round tamano-7-mediumcta color-boton-3-texto-normal color-boton-3-texto-hover color-boton-3-normal color-boton-3-hover\">\r\n    \r\n    <span>Explorar<\/span>\r\n<\/a>\r\n\r\n<style>\r\n    .btn-border-rounded {\r\n        border-radius: 12px !important;\r\n    }\r\n\r\n    .btn-border-square {\r\n        border-radius: 0 !important;\r\n    }\r\n\r\n    \/* Estilos de hover *\/\r\n    .btn-hover-hover1:hover {\r\n        filter: contrast(0.55);\r\n    }\r\n\r\n    .btn-hover-hover2:hover {\r\n        filter: sepia(2);\r\n    }\r\n\r\n    \/* Estilos del icono cuando existe *\/\r\n    a i {\r\n        margin-right: 8px;\r\n        font-size: 16px;\r\n    }\r\n\r\n    \/* Icono Lucide *\/\r\n    .btn-icon--lucide {\r\n        display: inline-flex;\r\n        align-items: center;\r\n        justify-content: center;\r\n        margin-right: 8px;\r\n    }\r\n\r\n    .btn-icon--lucide svg {\r\n        width: 16px;\r\n        height: 16px;\r\n        display: block;\r\n    }\r\n<\/style>\r\n                                                    <\/div>\r\n                                    <\/div>\r\n            <\/div>\r\n        <\/div>\r\n    <\/div>\r\n<\/section>\r\n<style>\r\n    .cta_curvy1_3_1_2 .inner {\r\n        display: flex;\r\n        gap: 30px;\r\n        border-radius: 30px;\r\n        align-items: center;\r\n        padding: 55px 150px;\r\n        justify-content: space-between;\r\n    }\r\n\r\n     .cta_curvy1_3_1_2 .titulo {\r\n        max-width: 430px;\r\n        width: 100%;\r\n    }\r\n\r\n    .cta_curvy1_3_1_2 .texto {\r\n        max-width: 660px;\r\n        text-align: left;\r\n        width: 100%;\r\n    }\r\n\r\n    .cta_curvy1_3_1_2 {\r\n        padding: 80px 0;\r\n        position: relative;\r\n    }\r\n\r\n    .cta_curvy1_3_1_2 .btn-round {\r\n        border-radius: 60px;\r\n        padding: 15px 30px;\r\n        display: inline-block;\r\n        text-align: center;\r\n        transition: all ease .3s;\r\n        text-decoration: none;\r\n        min-width: 278px;\r\n        display: flex;\r\n        align-items: center;\r\n        justify-content: center;\r\n    }\r\n\r\n    @media (max-width:1750px) {\r\n        .cta_curvy1_3_1_2 .texto {\r\n            max-width: 500px;\r\n        }\r\n    }\r\n\r\n    @media (max-width:1600px) {\r\n        .cta_curvy1_3_1_2 .inner {\r\n            padding-left: 50px;\r\n            padding-right: 50px;\r\n        }\r\n    }\r\n\r\n    @media (max-width:1400px) {\r\n        .cta_curvy1_3_1_2 .texto {\r\n            max-width: 100%;\r\n        }\r\n\r\n        .cta_curvy1_3_1_2 .titulo {\r\n            width: 100%;\r\n        }\r\n    }\r\n\r\n    @media (max-width:1200px) {\r\n        .cta_curvy1_3_1_2 .inner {\r\n            padding-left: 15px;\r\n            padding-right: 15px;\r\n        }\r\n    }\r\n\r\n    @media (max-width:992px) {\r\n        .cta_curvy1_3_1_2 .col .inner {\r\n            border-radius: 30px;\r\n            flex-direction: column;\r\n            align-items: center;\r\n            justify-content: center;\r\n        }\r\n\r\n         .cta_curvy1_3_1_2 .col .inner>* {\r\n            width: 100%;\r\n            max-width: 100%;\r\n            text-align: left;\r\n        }\r\n\r\n        .cta_curvy1_3_1_2 .inner {\r\n            padding: 33px 23px;\r\n        }\r\n\r\n        .cta_curvy1_3_1_2 .col .ctas {\r\n            display: flex;\r\n            align-items: center;\r\n            justify-content: start;\r\n        }\r\n\r\n        .cta_curvy1_3_1_2 .col {\r\n            flex-direction: column;\r\n            justify-content: center;\r\n            align-items: center;\r\n        }\r\n\r\n        .cta_curvy1_3_1_2 {\r\n            padding: 40px 0;\r\n        }\r\n\r\n        .cta_curvy1_3_1_2 .btn-round {\r\n            min-width: 240px\r\n        }\r\n\r\n        .cta_curvy1_3_1_2 .titulo h2 {\r\n            line-height: var(--tamano5-line-height);\r\n        }\r\n    }\r\n<\/style>\r\n","protected":false},"excerpt":{"rendered":"","protected":false},"author":0,"featured_media":0,"parent":0,"menu_order":0,"comment_status":"open","ping_status":"closed","template":"","meta":{"_acf_changed":false,"iawp_total_views":2,"footnotes":""},"class_list":["post-420","page","type-page","status-publish","hentry"],"acf":[],"yoast_head":"<!-- This site is optimized with the Yoast SEO plugin v27.4 - https:\/\/yoast.com\/product\/yoast-seo-wordpress\/ -->\n<title>Apoyo en Neurodesarrollo Infantil - Alba Rodr\u00edguez<\/title>\n<meta name=\"description\" content=\"En Alba Rodr\u00edguez Psicolog\u00eda, acompa\u00f1amos a familias en el desarrollo de ni\u00f1os con TEA, TDAH y m\u00e1s. Ofrecemos formaci\u00f3n y apoyo integral.\" \/>\n<meta name=\"robots\" content=\"index, follow, max-snippet:-1, max-image-preview:large, max-video-preview:-1\" \/>\n<link rel=\"canonical\" href=\"https:\/\/albarodriguezpsicologia.com\/fr\/servicios\/\" \/>\n<meta property=\"og:locale\" content=\"fr_FR\" \/>\n<meta property=\"og:type\" content=\"article\" \/>\n<meta property=\"og:title\" content=\"Apoyo en Neurodesarrollo Infantil - Alba Rodr\u00edguez\" \/>\n<meta property=\"og:description\" content=\"En Alba Rodr\u00edguez Psicolog\u00eda, acompa\u00f1amos a familias en el desarrollo de ni\u00f1os con TEA, TDAH y m\u00e1s. Ofrecemos formaci\u00f3n y apoyo integral.\" \/>\n<meta property=\"og:url\" content=\"https:\/\/albarodriguezpsicologia.com\/fr\/servicios\/\" \/>\n<meta property=\"og:site_name\" content=\"Alba Rodr\u00edguez Psicolog\u00eda\" \/>\n<meta property=\"article:modified_time\" content=\"2025-05-23T10:43:33+00:00\" \/>\n<meta name=\"twitter:card\" content=\"summary_large_image\" \/>\n<!-- \/ Yoast SEO plugin. -->","yoast_head_json":{"title":"Apoyo en Neurodesarrollo Infantil - Alba Rodr\u00edguez","description":"En Alba Rodr\u00edguez Psicolog\u00eda, acompa\u00f1amos a familias en el desarrollo de ni\u00f1os con TEA, TDAH y m\u00e1s. Ofrecemos formaci\u00f3n y apoyo integral.","robots":{"index":"index","follow":"follow","max-snippet":"max-snippet:-1","max-image-preview":"max-image-preview:large","max-video-preview":"max-video-preview:-1"},"canonical":"https:\/\/albarodriguezpsicologia.com\/fr\/servicios\/","og_locale":"fr_FR","og_type":"article","og_title":"Apoyo en Neurodesarrollo Infantil - Alba Rodr\u00edguez","og_description":"En Alba Rodr\u00edguez Psicolog\u00eda, acompa\u00f1amos a familias en el desarrollo de ni\u00f1os con TEA, TDAH y m\u00e1s. Ofrecemos formaci\u00f3n y apoyo integral.","og_url":"https:\/\/albarodriguezpsicologia.com\/fr\/servicios\/","og_site_name":"Alba Rodr\u00edguez Psicolog\u00eda","article_modified_time":"2025-05-23T10:43:33+00:00","twitter_card":"summary_large_image","schema":{"@context":"https:\/\/schema.org","@graph":[{"@type":"WebPage","@id":"https:\/\/albarodriguezpsicologia.com\/fr\/servicios\/","url":"https:\/\/albarodriguezpsicologia.com\/fr\/servicios\/","name":"Apoyo en Neurodesarrollo Infantil - Alba Rodr\u00edguez","isPartOf":{"@id":"https:\/\/albarodriguezpsicologia.com\/fr\/#website"},"datePublished":"2025-04-06T10:03:03+00:00","dateModified":"2025-05-23T10:43:33+00:00","description":"En Alba Rodr\u00edguez Psicolog\u00eda, acompa\u00f1amos a familias en el desarrollo de ni\u00f1os con TEA, TDAH y m\u00e1s. Ofrecemos formaci\u00f3n y apoyo integral.","breadcrumb":{"@id":"https:\/\/albarodriguezpsicologia.com\/fr\/servicios\/#breadcrumb"},"inLanguage":"fr-FR","potentialAction":[{"@type":"ReadAction","target":["https:\/\/albarodriguezpsicologia.com\/fr\/servicios\/"]}]},{"@type":"BreadcrumbList","@id":"https:\/\/albarodriguezpsicologia.com\/fr\/servicios\/#breadcrumb","itemListElement":[{"@type":"ListItem","position":1,"name":"Portada","item":"https:\/\/albarodriguezpsicologia.com\/fr\/"},{"@type":"ListItem","position":2,"name":"Servicios"}]},{"@type":"WebSite","@id":"https:\/\/albarodriguezpsicologia.com\/fr\/#website","url":"https:\/\/albarodriguezpsicologia.com\/fr\/","name":"Alba Rodr\u00edguez Psicolog\u00eda","description":"","publisher":{"@id":"https:\/\/albarodriguezpsicologia.com\/fr\/#organization"},"potentialAction":[{"@type":"SearchAction","target":{"@type":"EntryPoint","urlTemplate":"https:\/\/albarodriguezpsicologia.com\/fr\/?s={search_term_string}"},"query-input":{"@type":"PropertyValueSpecification","valueRequired":true,"valueName":"search_term_string"}}],"inLanguage":"fr-FR"},{"@type":"Organization","@id":"https:\/\/albarodriguezpsicologia.com\/fr\/#organization","name":"Alba Rodr\u00edguez Psicolog\u00eda","url":"https:\/\/albarodriguezpsicologia.com\/fr\/","logo":{"@type":"ImageObject","inLanguage":"fr-FR","@id":"https:\/\/albarodriguezpsicologia.com\/fr\/#\/schema\/logo\/image\/","url":"https:\/\/albarodriguezpsicologia.com\/wp-content\/uploads\/2025\/04\/Leonardo_Phoenix_09_Disea_un_logotipo_informal_para_Alba_Rodrg_0.jpg","contentUrl":"https:\/\/albarodriguezpsicologia.com\/wp-content\/uploads\/2025\/04\/Leonardo_Phoenix_09_Disea_un_logotipo_informal_para_Alba_Rodrg_0.jpg","width":768,"height":768,"caption":"Alba Rodr\u00edguez Psicolog\u00eda"},"image":{"@id":"https:\/\/albarodriguezpsicologia.com\/fr\/#\/schema\/logo\/image\/"}}]}},"_links":{"self":[{"href":"https:\/\/albarodriguezpsicologia.com\/fr\/wp-json\/wp\/v2\/pages\/420","targetHints":{"allow":["GET"]}}],"collection":[{"href":"https:\/\/albarodriguezpsicologia.com\/fr\/wp-json\/wp\/v2\/pages"}],"about":[{"href":"https:\/\/albarodriguezpsicologia.com\/fr\/wp-json\/wp\/v2\/types\/page"}],"replies":[{"embeddable":true,"href":"https:\/\/albarodriguezpsicologia.com\/fr\/wp-json\/wp\/v2\/comments?post=420"}],"version-history":[{"count":5,"href":"https:\/\/albarodriguezpsicologia.com\/fr\/wp-json\/wp\/v2\/pages\/420\/revisions"}],"predecessor-version":[{"id":1258,"href":"https:\/\/albarodriguezpsicologia.com\/fr\/wp-json\/wp\/v2\/pages\/420\/revisions\/1258"}],"wp:attachment":[{"href":"https:\/\/albarodriguezpsicologia.com\/fr\/wp-json\/wp\/v2\/media?parent=420"}],"curies":[{"name":"wp","href":"https:\/\/api.w.org\/{rel}","templated":true}]}}